{"id":1113,"date":"2017-03-26T14:10:20","date_gmt":"2017-03-26T13:10:20","guid":{"rendered":"https:\/\/the7.io\/beauty-studio\/?page_id=1113"},"modified":"2020-06-05T00:39:50","modified_gmt":"2020-06-05T00:39:50","slug":"about","status":"publish","type":"page","link":"https:\/\/startupgrupo.com.br\/index.php\/about\/","title":{"rendered":"Quem Somos"},"content":{"rendered":"<p>[vc_row type=&#8221;vc_default&#8221; css=&#8221;.vc_custom_1476008791393{padding-top: 70px !important;padding-bottom: 25px !important;}&#8221;][vc_column offset=&#8221;vc_col-lg-6 vc_col-md-6 vc_col-xs-12&#8243; css=&#8221;.vc_custom_1476005293248{padding-bottom: 50px !important;}&#8221;]<div id=\"ultimate-heading-248269f4ebf390f01\" class=\"uvc-heading ult-adjust-bottom-margin ultimate-heading-248269f4ebf390f01 uvc-1766 \" data-hspacer=\"no_spacer\"  data-halign=\"left\" style=\"text-align:left\"><div class=\"uvc-heading-spacer no_spacer\" style=\"top\"><\/div><div class=\"uvc-main-heading ult-responsive\"  data-ultimate-target='.uvc-heading.ultimate-heading-248269f4ebf390f01 h2'  data-responsive-json-new='{\"font-size\":\"desktop:26px;\",\"line-height\":\"desktop:32px;\"}' ><h2 style=\"font-weight:bold;margin-bottom:20px;\">STARTUP ENGENHARIA<\/h2><\/div><\/div>[vc_column_text]A Startup Engenharia atua no segmento de <strong>Sistemas T\u00e9rmicos e Transportes<\/strong>.<\/p>\n<p>Nosso principal objetivo \u00e9 prestar um atendimento eficaz, proporcionando excel\u00eancia no atendimento desde a pr\u00e9 venda, passando por servi\u00e7os e chegando com total suporte ao p\u00f3s vendas, com transpar\u00eancia e agilidade, aplicando conhecimentos absorvidos e contribuindo para melhorar a qualidade de vida das pessoas atrav\u00e9s de produtos qualificados. Visando encontrar formas para resolver os problemas de nossos clientes e oferecer equipamentos com excel\u00eancia.<\/p>\n<p>Nos adequamos em todas as fases de um projeto, desde a fase inicial de uma obra at\u00e9 a instala\u00e7\u00e3o e manuten\u00e7\u00e3o. Nossas solu\u00e7\u00f5es atendem aos edif\u00edcios residenciais, comerciais e industriais.<\/p>\n<p>&nbsp;<\/p>\n<p>Com sede na cidade de <strong>Santo Andr\u00e9 \u2013 SP<\/strong>, nossa empresa conta com uma equipe altamente qualificada afim de atender os mais rigorosos padr\u00f5es de qualidade exigidos pelos seus cliente.<\/p>\n<p>&nbsp;<\/p>\n<p>&nbsp;[\/vc_column_text][\/vc_column][vc_column offset=&#8221;vc_col-lg-6 vc_col-md-6 vc_col-xs-12&#8243; css=&#8221;.vc_custom_1476005300152{padding-bottom: 50px !important;}&#8221;]<div id=\"ultimate-heading-112869f4ebf390f2c\" class=\"uvc-heading ult-adjust-bottom-margin ultimate-heading-112869f4ebf390f2c uvc-733 \" data-hspacer=\"no_spacer\"  data-halign=\"left\" style=\"text-align:left\"><div class=\"uvc-heading-spacer no_spacer\" style=\"top\"><\/div><div class=\"uvc-main-heading ult-responsive\"  data-ultimate-target='.uvc-heading.ultimate-heading-112869f4ebf390f2c h2'  data-responsive-json-new='{\"font-size\":\"desktop:26px;\",\"line-height\":\"desktop:32px;\"}' ><h2 style=\"font-weight:bold;margin-bottom:20px;\">NOSSA EXPERI\u00caNCIA<\/h2><\/div><\/div>[vc_progress_bar values=&#8221;%5B%7B%22label%22%3A%22Climatiza%C3%A7%C3%A3o%22%2C%22value%22%3A%22100%22%7D%2C%7B%22label%22%3A%22Refrigera%C3%A7%C3%A3o%22%2C%22value%22%3A%22100%22%7D%2C%7B%22label%22%3A%22Ventila%C3%A7%C3%A3o%22%2C%22value%22%3A%22100%22%7D%2C%7B%22label%22%3A%22Extaust%C3%A3o%22%2C%22value%22%3A%22100%22%7D%2C%7B%22label%22%3A%22Elevadores%22%2C%22value%22%3A%22100%22%2C%22color%22%3A%22bar_blue%22%7D%2C%7B%22label%22%3A%22Plataformas%20Elevat%C3%B3rias%22%2C%22value%22%3A%22100%22%2C%22color%22%3A%22bar_blue%22%7D%5D&#8221; options=&#8221;striped,animated&#8221; caption_pos=&#8221;top&#8221;][\/vc_column][\/vc_row][vc_row bg_type=&#8221;bg_color&#8221; bg_override=&#8221;ex-full&#8221; type=&#8221;vc_default&#8221; css=&#8221;.vc_custom_1496399827329{padding-top: 70px !important;padding-bottom: 70px !important;}&#8221; bg_color_value=&#8221;rgba(170,170,170,0.1)&#8221;][vc_column]<div id=\"ultimate-heading-436769f4ebf390f44\" class=\"uvc-heading ult-adjust-bottom-margin ultimate-heading-436769f4ebf390f44 uvc-7308 \" data-hspacer=\"no_spacer\"  data-halign=\"left\" style=\"text-align:left\"><div class=\"uvc-heading-spacer no_spacer\" style=\"top\"><\/div><div class=\"uvc-main-heading ult-responsive\"  data-ultimate-target='.uvc-heading.ultimate-heading-436769f4ebf390f44 h2'  data-responsive-json-new='{\"font-size\":\"desktop:26px;\",\"line-height\":\"desktop:32px;\"}' ><h2 style=\"font-weight:bold;margin-bottom:25px;\">NOSSOS CLIENTES<\/h2><\/div><\/div><style type=\"text\/css\" data-type=\"the7_shortcodes-inline-css\">.carousel-shortcode.carousel-shortcode-id-119b84dd50b1f33514d29636282f2385 .owl-nav a {\n  width: 22px;\n  height: 80px;\n  border-radius: 0px;\n}\n.dt-arrow-border-on.carousel-shortcode.carousel-shortcode-id-119b84dd50b1f33514d29636282f2385 .owl-nav a:not(:hover):before {\n  border-width: 0px;\n}\n.dt-arrow-hover-border-on.carousel-shortcode.carousel-shortcode-id-119b84dd50b1f33514d29636282f2385 .owl-nav a:hover:after {\n  border-width: 0px;\n}\n.arrows-hover-bg-on.carousel-shortcode.carousel-shortcode-id-119b84dd50b1f33514d29636282f2385 .owl-nav a:after {\n  background: #f4a215;\n}\n.carousel-shortcode.carousel-shortcode-id-119b84dd50b1f33514d29636282f2385 .owl-nav a.owl-prev {\n  top: 50%;\n  transform: translateY(calc(-50% + 0px));\n  left: 0px;\n}\n@media all and (-ms-high-contrast: none) {\n  .carousel-shortcode.carousel-shortcode-id-119b84dd50b1f33514d29636282f2385 .owl-nav a.owl-prev {\n    transform: translateY(-50%);\n    margin-top: 0px;\n  }\n}\n.carousel-shortcode.carousel-shortcode-id-119b84dd50b1f33514d29636282f2385 .owl-nav a.owl-prev i {\n  padding: 0px 0px 0px 0px;\n}\n.carousel-shortcode.carousel-shortcode-id-119b84dd50b1f33514d29636282f2385 .owl-nav a.owl-next {\n  top: 50%;\n  transform: translateY(calc(-50% + 0px));\n  right: 0px;\n}\n@media all and (-ms-high-contrast: none) {\n  .carousel-shortcode.carousel-shortcode-id-119b84dd50b1f33514d29636282f2385 .owl-nav a.owl-next {\n    transform: translateY(-50%);\n    margin-top: 0px;\n  }\n}\n.carousel-shortcode.carousel-shortcode-id-119b84dd50b1f33514d29636282f2385 .owl-nav a.owl-next i {\n  padding: 0px 0px 0px 0px;\n}\n.carousel-shortcode.carousel-shortcode-id-119b84dd50b1f33514d29636282f2385 .owl-nav i {\n  font-size: 18px;\n}\n.carousel-shortcode.carousel-shortcode-id-119b84dd50b1f33514d29636282f2385 .owl-nav a:not(:hover) i,\n.carousel-shortcode.carousel-shortcode-id-119b84dd50b1f33514d29636282f2385 .owl-nav a:not(:hover) i:before {\n  color: #ffffff;\n  background: none;\n}\n.carousel-shortcode.carousel-shortcode-id-119b84dd50b1f33514d29636282f2385 .owl-nav a:hover i,\n.carousel-shortcode.carousel-shortcode-id-119b84dd50b1f33514d29636282f2385 .owl-nav a:hover i:before {\n  color: #ffffff;\n  background: none;\n}\n.carousel-shortcode.carousel-shortcode-id-119b84dd50b1f33514d29636282f2385 .owl-dots {\n  top: calc(100% + 20px);\n  left: 50%;\n  transform: translateX(calc(-50% + 0px));\n}\n@media all and (-ms-high-contrast: none) {\n  .carousel-shortcode.carousel-shortcode-id-119b84dd50b1f33514d29636282f2385 .owl-dots {\n    transform: translateX(-50%);\n    margin-left: 0px;\n  }\n}\n.carousel-shortcode.carousel-shortcode-id-119b84dd50b1f33514d29636282f2385 .owl-dot {\n  width: 10px;\n  height: 10px;\n  margin: 0 8px;\n}\n@media screen and (max-width: 778px) {\n  .carousel-shortcode.carousel-shortcode-id-119b84dd50b1f33514d29636282f2385.hide-arrows .owl-nav a {\n    display: none;\n  }\n}\n@media screen and (max-width: 778px) {\n  .carousel-shortcode.carousel-shortcode-id-119b84dd50b1f33514d29636282f2385.reposition-arrows .owl-nav .owl-prev {\n    top: 50%;\n    transform: translateY(calc(-50% + 0px));\n    left: 10px;\n  }\n  .carousel-shortcode.carousel-shortcode-id-119b84dd50b1f33514d29636282f2385.reposition-arrows .owl-nav .owl-next {\n    top: 50%;\n    transform: translateY(calc(-50% + 0px));\n    right: 10px;\n  }\n}\n@media screen and (max-width: 778px) and all and (-ms-high-contrast: none) {\n  .carousel-shortcode.carousel-shortcode-id-119b84dd50b1f33514d29636282f2385.reposition-arrows .owl-nav .owl-prev {\n    transform: translateY(-50%);\n    margin-top: 0px;\n  }\n}\n@media screen and (max-width: 778px) and all and (-ms-high-contrast: none) {\n  .carousel-shortcode.carousel-shortcode-id-119b84dd50b1f33514d29636282f2385.reposition-arrows .owl-nav .owl-next {\n    transform: translateY(-50%);\n    margin-top: 0px;\n  }\n}\n<\/style><div class=\"owl-carousel carousel-shortcode dt-owl-carousel-call carousel-shortcode-id-119b84dd50b1f33514d29636282f2385 bullets-small-dot-stroke arrows-bg-on dt-arrow-border-on dt-arrow-hover-border-on arrows-hover-bg-on  vc_custom_1498756520817 \" data-scroll-mode=\"1\" data-col-num=\"6\" data-wide-col-num=\"6\" data-laptop-col=\"4\" data-h-tablet-columns-num=\"3\" data-v-tablet-columns-num=\"2\" data-phone-columns-num=\"1\" data-auto-height=\"true\" data-col-gap=\"30\" data-stage-padding=\"0\" data-speed=\"600\" data-autoplay=\"false\" data-autoplay_speed=\"6000\" data-arrows=\"true\" data-bullet=\"false\" data-next-icon=\"icon-ar-017-r\" data-prev-icon=\"icon-ar-017-l\">[vc_single_image image=&#8221;1879&#8243; img_size=&#8221;400&#215;300&#8243; alignment=&#8221;center&#8221; onclick=&#8221;custom_link&#8221; img_link_target=&#8221;_blank&#8221; image_hovers=&#8221;false&#8221; lazy_loading=&#8221;true&#8221; link=&#8221;http:\/\/themeforest.net\/item\/the7-responsive-multipurpose-wordpress-theme\/5556590&#8243;][vc_single_image image=&#8221;1880&#8243; img_size=&#8221;400&#215;300&#8243; alignment=&#8221;center&#8221; onclick=&#8221;custom_link&#8221; img_link_target=&#8221;_blank&#8221; image_hovers=&#8221;false&#8221; lazy_loading=&#8221;true&#8221; link=&#8221;http:\/\/themeforest.net\/item\/the7-responsive-multipurpose-wordpress-theme\/5556590&#8243;][vc_single_image image=&#8221;1881&#8243; img_size=&#8221;400&#215;300&#8243; alignment=&#8221;center&#8221; onclick=&#8221;custom_link&#8221; img_link_target=&#8221;_blank&#8221; image_hovers=&#8221;false&#8221; lazy_loading=&#8221;true&#8221; link=&#8221;http:\/\/themeforest.net\/item\/the7-responsive-multipurpose-wordpress-theme\/5556590&#8243;]<\/div>[\/vc_column][\/vc_row]<\/p>\n","protected":false},"excerpt":{"rendered":"<p>[vc_row type=&#8221;vc_default&#8221; css=&#8221;.vc_custom_1476008791393{padding-top: 70px !important;padding-bottom: 25px !important;}&#8221;][vc_column offset=&#8221;vc_col-lg-6 vc_col-md-6 vc_col-xs-12&#8243; css=&#8221;.vc_custom_1476005293248{padding-bottom: 50px !important;}&#8221;][vc_column_text]A Startup Engenharia atua no segmento de Sistemas T\u00e9rmicos e Transportes. Nosso principal objetivo \u00e9 prestar um atendimento eficaz, proporcionando excel\u00eancia no atendimento desde a pr\u00e9 venda, passando por servi\u00e7os e chegando com total suporte ao p\u00f3s vendas, com transpar\u00eancia e agilidade, aplicando&hellip;<\/p>\n","protected":false},"author":1,"featured_media":0,"parent":0,"menu_order":0,"comment_status":"closed","ping_status":"closed","template":"","meta":[],"class_list":["post-1113","page","type-page","status-publish","hentry","description-off"],"_links":{"self":[{"href":"https:\/\/startupgrupo.com.br\/index.php\/wp-json\/wp\/v2\/pages\/1113","targetHints":{"allow":["GET"]}}],"collection":[{"href":"https:\/\/startupgrupo.com.br\/index.php\/wp-json\/wp\/v2\/pages"}],"about":[{"href":"https:\/\/startupgrupo.com.br\/index.php\/wp-json\/wp\/v2\/types\/page"}],"author":[{"embeddable":true,"href":"https:\/\/startupgrupo.com.br\/index.php\/wp-json\/wp\/v2\/users\/1"}],"replies":[{"embeddable":true,"href":"https:\/\/startupgrupo.com.br\/index.php\/wp-json\/wp\/v2\/comments?post=1113"}],"version-history":[{"count":3,"href":"https:\/\/startupgrupo.com.br\/index.php\/wp-json\/wp\/v2\/pages\/1113\/revisions"}],"predecessor-version":[{"id":1882,"href":"https:\/\/startupgrupo.com.br\/index.php\/wp-json\/wp\/v2\/pages\/1113\/revisions\/1882"}],"wp:attachment":[{"href":"https:\/\/startupgrupo.com.br\/index.php\/wp-json\/wp\/v2\/media?parent=1113"}],"curies":[{"name":"wp","href":"https:\/\/api.w.org\/{rel}","templated":true}]}}